{"id":4382,"date":"2024-01-08T10:40:17","date_gmt":"2024-01-08T03:40:17","guid":{"rendered":"https:\/\/tssquatest.vn\/?page_id=4382"},"modified":"2024-01-10T09:02:16","modified_gmt":"2024-01-10T02:02:16","slug":"chuong-trinh-dao-tao","status":"publish","type":"page","link":"https:\/\/tssquatest.vn\/en\/training-program\/","title":{"rendered":"Ch\u01b0\u01a1ng tr\u00ecnh \u0111\u00e0o t\u1ea1o"},"content":{"rendered":"<div data-elementor-type=\"wp-page\" data-elementor-id=\"4382\" class=\"elementor elementor-4382\" data-elementor-post-type=\"page\">\n\t\t\t\t\t\t\t<div class=\"elementor-element elementor-element-e520695 e-flex e-con-boxed e-con e-parent\" data-id=\"e520695\" data-element_type=\"container\" data-settings=\"{&quot;background_background&quot;:&quot;classic&quot;,&quot;content_width&quot;:&quot;boxed&quot;}\" data-core-v316-plus=\"true\">\n\t\t\t\t\t<div class=\"e-con-inner\">\n\t\t\t\t<div class=\"elementor-element elementor-element-fe51fbc bold-700 elementor-widget elementor-widget-heading\" data-id=\"fe51fbc\" data-element_type=\"widget\" data-widget_type=\"heading.default\">\n\t\t\t\t<div class=\"elementor-widget-container\">\n\t\t\t<style>\/*! elementor - v3.18.0 - 20-12-2023 *\/\n.elementor-heading-title{padding:0;margin:0;line-height:1}.elementor-widget-heading .elementor-heading-title[class*=elementor-size-]>a{color:inherit;font-size:inherit;line-height:inherit}.elementor-widget-heading .elementor-heading-title.elementor-size-small{font-size:15px}.elementor-widget-heading .elementor-heading-title.elementor-size-medium{font-size:19px}.elementor-widget-heading .elementor-heading-title.elementor-size-large{font-size:29px}.elementor-widget-heading .elementor-heading-title.elementor-size-xl{font-size:39px}.elementor-widget-heading .elementor-heading-title.elementor-size-xxl{font-size:59px}<\/style><h2 class=\"elementor-heading-title elementor-size-default\">TRAINING PROGRAM<\/h2>\t\t<\/div>\n\t\t\t\t<\/div>\n\t\t\t\t\t<\/div>\n\t\t\t\t<\/div>\n\t\t<div class=\"elementor-element elementor-element-14b2a93 e-flex e-con-boxed e-con e-parent\" data-id=\"14b2a93\" data-element_type=\"container\" data-settings=\"{&quot;content_width&quot;:&quot;boxed&quot;}\" data-core-v316-plus=\"true\">\n\t\t\t\t\t<div class=\"e-con-inner\">\n\t\t\t\t<div class=\"elementor-element elementor-element-4043600 elementor-widget elementor-widget-jet-listing-grid\" data-id=\"4043600\" data-element_type=\"widget\" data-settings=\"{&quot;columns&quot;:3,&quot;columns_tablet&quot;:&quot;2&quot;,&quot;columns_mobile&quot;:&quot;1&quot;}\" data-widget_type=\"jet-listing-grid.default\">\n\t\t\t\t<div class=\"elementor-widget-container\">\n\t\t\t<div class=\"jet-listing-grid jet-listing\"><div class=\"jet-listing-grid__items grid-col-desk-3 grid-col-tablet-2 grid-col-mobile-1 jet-listing-grid--4395\" data-queried-id=\"4382|WP_Post\" data-nav=\"{&quot;enabled&quot;:false,&quot;type&quot;:null,&quot;more_el&quot;:null,&quot;query&quot;:[],&quot;widget_settings&quot;:{&quot;lisitng_id&quot;:4395,&quot;posts_num&quot;:6,&quot;columns&quot;:3,&quot;columns_tablet&quot;:2,&quot;columns_mobile&quot;:1,&quot;is_archive_template&quot;:&quot;&quot;,&quot;post_status&quot;:[&quot;publish&quot;],&quot;use_random_posts_num&quot;:&quot;&quot;,&quot;max_posts_num&quot;:9,&quot;not_found_message&quot;:&quot;No data was found&quot;,&quot;is_masonry&quot;:false,&quot;equal_columns_height&quot;:&quot;&quot;,&quot;use_load_more&quot;:&quot;&quot;,&quot;load_more_id&quot;:&quot;&quot;,&quot;load_more_type&quot;:&quot;click&quot;,&quot;load_more_offset&quot;:{&quot;unit&quot;:&quot;px&quot;,&quot;size&quot;:0,&quot;sizes&quot;:[]},&quot;use_custom_post_types&quot;:&quot;&quot;,&quot;custom_post_types&quot;:[],&quot;hide_widget_if&quot;:&quot;&quot;,&quot;carousel_enabled&quot;:&quot;&quot;,&quot;slides_to_scroll&quot;:&quot;1&quot;,&quot;arrows&quot;:&quot;true&quot;,&quot;arrow_icon&quot;:&quot;fa fa-angle-left&quot;,&quot;dots&quot;:&quot;&quot;,&quot;autoplay&quot;:&quot;true&quot;,&quot;pause_on_hover&quot;:&quot;true&quot;,&quot;autoplay_speed&quot;:5000,&quot;infinite&quot;:&quot;true&quot;,&quot;center_mode&quot;:&quot;&quot;,&quot;effect&quot;:&quot;slide&quot;,&quot;speed&quot;:500,&quot;inject_alternative_items&quot;:&quot;&quot;,&quot;injection_items&quot;:[],&quot;scroll_slider_enabled&quot;:&quot;&quot;,&quot;scroll_slider_on&quot;:[&quot;desktop&quot;,&quot;tablet&quot;,&quot;mobile&quot;],&quot;custom_query&quot;:false,&quot;custom_query_id&quot;:&quot;&quot;,&quot;_element_id&quot;:&quot;&quot;}}\" data-page=\"1\" data-pages=\"1\" data-listing-source=\"posts\" data-listing-id=\"4395\" data-query-id=\"\"><div class=\"jet-listing-grid__item jet-listing-dynamic-post-5195\" data-post-id=\"5195\" >\t\t<div data-elementor-type=\"jet-listing-items\" data-elementor-id=\"4395\" class=\"elementor elementor-4395\" data-elementor-post-type=\"jet-engine\">\n\t\t\t\t\t\t\t<div class=\"elementor-element elementor-element-0c65aa5 e-flex e-con-boxed e-con e-parent\" data-id=\"0c65aa5\" data-element_type=\"container\" data-settings=\"{&quot;content_width&quot;:&quot;boxed&quot;}\" data-core-v316-plus=\"true\">\n\t\t\t\t\t<div class=\"e-con-inner\">\n\t\t\t\t<div class=\"elementor-element elementor-element-28423fb lvhd-item-1 elementor-widget elementor-widget-jet-listing-dynamic-image\" data-id=\"28423fb\" data-element_type=\"widget\" data-widget_type=\"jet-listing-dynamic-image.default\">\n\t\t\t\t<div class=\"elementor-widget-container\">\n\t\t\t<div class=\"jet-listing jet-listing-dynamic-image\"><a href=\"https:\/\/tssquatest.vn\/en\/?dao-tao=nhan-dinh-chat-luong-da-quy-phong-thuy-trong-kinh-doanh\" class=\"jet-listing-dynamic-image__link\"><img fetchpriority=\"high\" decoding=\"async\" width=\"1500\" height=\"1000\" src=\"http:\/\/tssquatest.vn\/wp-content\/uploads\/2024\/05\/KIEM-CHAT-LUONG-DA-QUY-2-ta.jpg\" class=\"jet-listing-dynamic-image__img attachment-full size-full wp-post-image\" alt=\"KI\u1ec2M-CH\u1ea4T-L\u01af\u1ee2NG-\u0110\u00c1-QU\u00dd-2\" srcset=\"https:\/\/tssquatest.vn\/wp-content\/uploads\/2024\/05\/KIEM-CHAT-LUONG-DA-QUY-2-ta.jpg 1500w, https:\/\/tssquatest.vn\/wp-content\/uploads\/2024\/05\/KIEM-CHAT-LUONG-DA-QUY-2-ta-450x300.jpg 450w, https:\/\/tssquatest.vn\/wp-content\/uploads\/2024\/05\/KIEM-CHAT-LUONG-DA-QUY-2-ta-595x397.jpg 595w, https:\/\/tssquatest.vn\/wp-content\/uploads\/2024\/05\/KIEM-CHAT-LUONG-DA-QUY-2-ta-150x100.jpg 150w, https:\/\/tssquatest.vn\/wp-content\/uploads\/2024\/05\/KIEM-CHAT-LUONG-DA-QUY-2-ta-768x512.jpg 768w, https:\/\/tssquatest.vn\/wp-content\/uploads\/2024\/05\/KIEM-CHAT-LUONG-DA-QUY-2-ta-18x12.jpg 18w\" sizes=\"(max-width: 1500px) 100vw, 1500px\" loading=\"eager\" \/><\/a><\/div>\t\t<\/div>\n\t\t\t\t<\/div>\n\t\t\t\t<div class=\"elementor-element elementor-element-d13d1d4 bold-700 elementor-widget elementor-widget-jet-listing-dynamic-link\" data-id=\"d13d1d4\" data-element_type=\"widget\" data-widget_type=\"jet-listing-dynamic-link.default\">\n\t\t\t\t<div class=\"elementor-widget-container\">\n\t\t\t<h2 class=\"jet-listing jet-listing-dynamic-link\"><a href=\"https:\/\/tssquatest.vn\/en\/?dao-tao=nhan-dinh-chat-luong-da-quy-phong-thuy-trong-kinh-doanh\" class=\"jet-listing-dynamic-link__link\"><span class=\"jet-listing-dynamic-link__label\">ASSESSING THE QUALITY OF FENG SHUI GEMSTONE IN BUSINESS<\/span><\/a><\/h2>\t\t<\/div>\n\t\t\t\t<\/div>\n\t\t\t\t<div class=\"elementor-element elementor-element-27237db elementor-widget elementor-widget-jet-listing-dynamic-field\" data-id=\"27237db\" data-element_type=\"widget\" data-widget_type=\"jet-listing-dynamic-field.default\">\n\t\t\t\t<div class=\"elementor-widget-container\">\n\t\t\t<div class=\"jet-listing jet-listing-dynamic-field display-inline\"><div class=\"jet-listing-dynamic-field__inline-wrap\"><div class=\"jet-listing-dynamic-field__content\"><\/div><\/div><\/div>\t\t<\/div>\n\t\t\t\t<\/div>\n\t\t\t\t<div class=\"elementor-element elementor-element-8a5584f btn-hover elementor-widget elementor-widget-jet-listing-dynamic-link\" data-id=\"8a5584f\" data-element_type=\"widget\" data-widget_type=\"jet-listing-dynamic-link.default\">\n\t\t\t\t<div class=\"elementor-widget-container\">\n\t\t\t<div class=\"jet-listing jet-listing-dynamic-link\"><a href=\"https:\/\/tssquatest.vn\/en\/?dao-tao=nhan-dinh-chat-luong-da-quy-phong-thuy-trong-kinh-doanh\" class=\"jet-listing-dynamic-link__link\"><span class=\"jet-listing-dynamic-link__label\">See details<\/span><\/a><\/div>\t\t<\/div>\n\t\t\t\t<\/div>\n\t\t\t\t\t<\/div>\n\t\t\t\t<\/div>\n\t\t\t\t\t\t\t<\/div>\n\t\t<\/div><div class=\"jet-listing-grid__item jet-listing-dynamic-post-5186\" data-post-id=\"5186\" >\t\t<div data-elementor-type=\"jet-listing-items\" data-elementor-id=\"4395\" class=\"elementor elementor-4395\" data-elementor-post-type=\"jet-engine\">\n\t\t\t\t\t\t\t<div class=\"elementor-element elementor-element-0c65aa5 e-flex e-con-boxed e-con e-parent\" data-id=\"0c65aa5\" data-element_type=\"container\" data-settings=\"{&quot;content_width&quot;:&quot;boxed&quot;}\" data-core-v316-plus=\"true\">\n\t\t\t\t\t<div class=\"e-con-inner\">\n\t\t\t\t<div class=\"elementor-element elementor-element-28423fb lvhd-item-1 elementor-widget elementor-widget-jet-listing-dynamic-image\" data-id=\"28423fb\" data-element_type=\"widget\" data-widget_type=\"jet-listing-dynamic-image.default\">\n\t\t\t\t<div class=\"elementor-widget-container\">\n\t\t\t<div class=\"jet-listing jet-listing-dynamic-image\"><a href=\"https:\/\/tssquatest.vn\/en\/?dao-tao=nhan-dinh-chat-luong-da-quy-va-kim-cuong-trong-kinh-doanh\" class=\"jet-listing-dynamic-image__link\"><img decoding=\"async\" width=\"1500\" height=\"1000\" src=\"http:\/\/tssquatest.vn\/wp-content\/uploads\/2024\/05\/KIEM-CHAT-LUONG-DA-QUY-TA.jpg\" class=\"jet-listing-dynamic-image__img attachment-full size-full wp-post-image\" alt=\"KI\u1ec2M-CH\u1ea4T-L\u01af\u1ee2NG-\u0110\u00c1-QU\u00dd\" srcset=\"https:\/\/tssquatest.vn\/wp-content\/uploads\/2024\/05\/KIEM-CHAT-LUONG-DA-QUY-TA.jpg 1500w, https:\/\/tssquatest.vn\/wp-content\/uploads\/2024\/05\/KIEM-CHAT-LUONG-DA-QUY-TA-450x300.jpg 450w, https:\/\/tssquatest.vn\/wp-content\/uploads\/2024\/05\/KIEM-CHAT-LUONG-DA-QUY-TA-595x397.jpg 595w, https:\/\/tssquatest.vn\/wp-content\/uploads\/2024\/05\/KIEM-CHAT-LUONG-DA-QUY-TA-150x100.jpg 150w, https:\/\/tssquatest.vn\/wp-content\/uploads\/2024\/05\/KIEM-CHAT-LUONG-DA-QUY-TA-768x512.jpg 768w, https:\/\/tssquatest.vn\/wp-content\/uploads\/2024\/05\/KIEM-CHAT-LUONG-DA-QUY-TA-18x12.jpg 18w\" sizes=\"(max-width: 1500px) 100vw, 1500px\" loading=\"eager\" \/><\/a><\/div>\t\t<\/div>\n\t\t\t\t<\/div>\n\t\t\t\t<div class=\"elementor-element elementor-element-d13d1d4 bold-700 elementor-widget elementor-widget-jet-listing-dynamic-link\" data-id=\"d13d1d4\" data-element_type=\"widget\" data-widget_type=\"jet-listing-dynamic-link.default\">\n\t\t\t\t<div class=\"elementor-widget-container\">\n\t\t\t<h2 class=\"jet-listing jet-listing-dynamic-link\"><a href=\"https:\/\/tssquatest.vn\/en\/?dao-tao=nhan-dinh-chat-luong-da-quy-va-kim-cuong-trong-kinh-doanh\" class=\"jet-listing-dynamic-link__link\"><span class=\"jet-listing-dynamic-link__label\">RECOGNITION OF GEMSTONE AND DIAMOND QUALITY IN BUSINESS<\/span><\/a><\/h2>\t\t<\/div>\n\t\t\t\t<\/div>\n\t\t\t\t<div class=\"elementor-element elementor-element-27237db elementor-widget elementor-widget-jet-listing-dynamic-field\" data-id=\"27237db\" data-element_type=\"widget\" data-widget_type=\"jet-listing-dynamic-field.default\">\n\t\t\t\t<div class=\"elementor-widget-container\">\n\t\t\t<div class=\"jet-listing jet-listing-dynamic-field display-inline\"><div class=\"jet-listing-dynamic-field__inline-wrap\"><div class=\"jet-listing-dynamic-field__content\"><\/div><\/div><\/div>\t\t<\/div>\n\t\t\t\t<\/div>\n\t\t\t\t<div class=\"elementor-element elementor-element-8a5584f btn-hover elementor-widget elementor-widget-jet-listing-dynamic-link\" data-id=\"8a5584f\" data-element_type=\"widget\" data-widget_type=\"jet-listing-dynamic-link.default\">\n\t\t\t\t<div class=\"elementor-widget-container\">\n\t\t\t<div class=\"jet-listing jet-listing-dynamic-link\"><a href=\"https:\/\/tssquatest.vn\/en\/?dao-tao=nhan-dinh-chat-luong-da-quy-va-kim-cuong-trong-kinh-doanh\" class=\"jet-listing-dynamic-link__link\"><span class=\"jet-listing-dynamic-link__label\">See details<\/span><\/a><\/div>\t\t<\/div>\n\t\t\t\t<\/div>\n\t\t\t\t\t<\/div>\n\t\t\t\t<\/div>\n\t\t\t\t\t\t\t<\/div>\n\t\t<\/div><div class=\"jet-listing-grid__item jet-listing-dynamic-post-4739\" data-post-id=\"4739\" >\t\t<div data-elementor-type=\"jet-listing-items\" data-elementor-id=\"4395\" class=\"elementor elementor-4395\" data-elementor-post-type=\"jet-engine\">\n\t\t\t\t\t\t\t<div class=\"elementor-element elementor-element-0c65aa5 e-flex e-con-boxed e-con e-parent\" data-id=\"0c65aa5\" data-element_type=\"container\" data-settings=\"{&quot;content_width&quot;:&quot;boxed&quot;}\" data-core-v316-plus=\"true\">\n\t\t\t\t\t<div class=\"e-con-inner\">\n\t\t\t\t<div class=\"elementor-element elementor-element-28423fb lvhd-item-1 elementor-widget elementor-widget-jet-listing-dynamic-image\" data-id=\"28423fb\" data-element_type=\"widget\" data-widget_type=\"jet-listing-dynamic-image.default\">\n\t\t\t\t<div class=\"elementor-widget-container\">\n\t\t\t<div class=\"jet-listing jet-listing-dynamic-image\"><a href=\"https:\/\/tssquatest.vn\/en\/?dao-tao=kien-thuc-nhan-dinh-chat-luong-da-quy\" class=\"jet-listing-dynamic-image__link\"><img decoding=\"async\" width=\"1500\" height=\"1000\" src=\"http:\/\/tssquatest.vn\/wp-content\/uploads\/2024\/05\/KIEM-CHAT-LUONG-DA-QUY-TA-3.jpg\" class=\"jet-listing-dynamic-image__img attachment-full size-full wp-post-image\" alt=\"KI\u1ec2M-CH\u1ea4T-L\u01af\u1ee2NG-\u0110\u00c1-QU\u00dd-3\" srcset=\"https:\/\/tssquatest.vn\/wp-content\/uploads\/2024\/05\/KIEM-CHAT-LUONG-DA-QUY-TA-3.jpg 1500w, https:\/\/tssquatest.vn\/wp-content\/uploads\/2024\/05\/KIEM-CHAT-LUONG-DA-QUY-TA-3-450x300.jpg 450w, https:\/\/tssquatest.vn\/wp-content\/uploads\/2024\/05\/KIEM-CHAT-LUONG-DA-QUY-TA-3-595x397.jpg 595w, https:\/\/tssquatest.vn\/wp-content\/uploads\/2024\/05\/KIEM-CHAT-LUONG-DA-QUY-TA-3-150x100.jpg 150w, https:\/\/tssquatest.vn\/wp-content\/uploads\/2024\/05\/KIEM-CHAT-LUONG-DA-QUY-TA-3-768x512.jpg 768w, https:\/\/tssquatest.vn\/wp-content\/uploads\/2024\/05\/KIEM-CHAT-LUONG-DA-QUY-TA-3-18x12.jpg 18w\" sizes=\"(max-width: 1500px) 100vw, 1500px\" loading=\"eager\" \/><\/a><\/div>\t\t<\/div>\n\t\t\t\t<\/div>\n\t\t\t\t<div class=\"elementor-element elementor-element-d13d1d4 bold-700 elementor-widget elementor-widget-jet-listing-dynamic-link\" data-id=\"d13d1d4\" data-element_type=\"widget\" data-widget_type=\"jet-listing-dynamic-link.default\">\n\t\t\t\t<div class=\"elementor-widget-container\">\n\t\t\t<h2 class=\"jet-listing jet-listing-dynamic-link\"><a href=\"https:\/\/tssquatest.vn\/en\/?dao-tao=kien-thuc-nhan-dinh-chat-luong-da-quy\" class=\"jet-listing-dynamic-link__link\"><span class=\"jet-listing-dynamic-link__label\">Knowledge of Gemstone Quality Assessment<\/span><\/a><\/h2>\t\t<\/div>\n\t\t\t\t<\/div>\n\t\t\t\t<div class=\"elementor-element elementor-element-27237db elementor-widget elementor-widget-jet-listing-dynamic-field\" data-id=\"27237db\" data-element_type=\"widget\" data-widget_type=\"jet-listing-dynamic-field.default\">\n\t\t\t\t<div class=\"elementor-widget-container\">\n\t\t\t<div class=\"jet-listing jet-listing-dynamic-field display-inline\"><div class=\"jet-listing-dynamic-field__inline-wrap\"><div class=\"jet-listing-dynamic-field__content\"><\/div><\/div><\/div>\t\t<\/div>\n\t\t\t\t<\/div>\n\t\t\t\t<div class=\"elementor-element elementor-element-8a5584f btn-hover elementor-widget elementor-widget-jet-listing-dynamic-link\" data-id=\"8a5584f\" data-element_type=\"widget\" data-widget_type=\"jet-listing-dynamic-link.default\">\n\t\t\t\t<div class=\"elementor-widget-container\">\n\t\t\t<div class=\"jet-listing jet-listing-dynamic-link\"><a href=\"https:\/\/tssquatest.vn\/en\/?dao-tao=kien-thuc-nhan-dinh-chat-luong-da-quy\" class=\"jet-listing-dynamic-link__link\"><span class=\"jet-listing-dynamic-link__label\">See details<\/span><\/a><\/div>\t\t<\/div>\n\t\t\t\t<\/div>\n\t\t\t\t\t<\/div>\n\t\t\t\t<\/div>\n\t\t\t\t\t\t\t<\/div>\n\t\t<\/div><\/div><\/div>\t\t<\/div>\n\t\t\t\t<\/div>\n\t\t\t\t\t<\/div>\n\t\t\t\t<\/div>\n\t\t\t\t\t\t\t<\/div>","protected":false},"excerpt":{"rendered":"<p>CH\u01af\u01a0NG TR\u00ccNH \u0110\u00c0O T\u1ea0O Xem chi ti\u1ebft M\u00f4 t\u1ea3 Ch\u01b0\u01a1ng tr\u00ecnh \u0111\u00e0o t\u1ea1o 4 Xem chi ti\u1ebft M\u00f4 t\u1ea3 Ch\u01b0\u01a1ng tr\u00ecnh \u0111\u00e0o t\u1ea1o 3 Xem chi ti\u1ebft M\u00f4 t\u1ea3 Ch\u01b0\u01a1ng tr\u00ecnh \u0111\u00e0o t\u1ea1o 2 Xem chi ti\u1ebft M\u00f4 t\u1ea3 Ch\u01b0\u01a1ng tr\u00ecnh \u0111\u00e0o t\u1ea1o 1 Xem chi ti\u1ebft<\/p>","protected":false},"author":1,"featured_media":4493,"parent":0,"menu_order":0,"comment_status":"closed","ping_status":"closed","template":"","meta":{"footnotes":""},"class_list":["post-4382","page","type-page","status-publish","has-post-thumbnail","hentry"],"yoast_head":"<!-- This site is optimized with the Yoast SEO plugin v26.4 - https:\/\/yoast.com\/wordpress\/plugins\/seo\/ -->\n<title>Ch\u01b0\u01a1ng tr\u00ecnh \u0111\u00e0o t\u1ea1o - Tss Quatest<\/title>\n<meta name=\"description\" content=\"TSS Quatest t\u1ef1 h\u00e0o l\u00e0 \u0111\u01a1n v\u1ecb h\u00e0ng \u0111\u1ea7u chuy\u00ean s\u00e2u trong l\u0129nh v\u1ef1c tranh phong th\u1ee7y v\u00e0 trang s\u1ee9c t\u1ea1i Vi\u1ec7t Nam. Ch\u00fang t\u00f4i kh\u00f4ng ch\u1ec9 mang \u0111\u1ebfn nh\u1eefng t\u00e1c ph\u1ea9m ngh\u1ec7 thu\u1eadt \u0111\u1ed9c \u0111\u00e1o v\u1edbi \u00fd ngh\u0129a phong th\u1ee7y s\u00e2u s\u1eafc m\u00e0 c\u00f2n l\u00e0 \u0111\u1ecba ch\u1ec9 tin c\u1eady cho nh\u1eefng ng\u01b0\u1eddi \u0111am m\u00ea h\u1ecdc ngh\u1ec7 thu\u1eadt.\" \/>\n<meta name=\"robots\" content=\"index, follow, max-snippet:-1, max-image-preview:large, max-video-preview:-1\" \/>\n<link rel=\"canonical\" href=\"https:\/\/tssquatest.vn\/en\/training-program\/\" \/>\n<meta property=\"og:locale\" content=\"en_US\" \/>\n<meta property=\"og:type\" content=\"article\" \/>\n<meta property=\"og:title\" content=\"Ch\u01b0\u01a1ng tr\u00ecnh \u0111\u00e0o t\u1ea1o - Tss Quatest\" \/>\n<meta property=\"og:description\" content=\"TSS Quatest t\u1ef1 h\u00e0o l\u00e0 \u0111\u01a1n v\u1ecb h\u00e0ng \u0111\u1ea7u chuy\u00ean s\u00e2u trong l\u0129nh v\u1ef1c tranh phong th\u1ee7y v\u00e0 trang s\u1ee9c t\u1ea1i Vi\u1ec7t Nam. Ch\u00fang t\u00f4i kh\u00f4ng ch\u1ec9 mang \u0111\u1ebfn nh\u1eefng t\u00e1c ph\u1ea9m ngh\u1ec7 thu\u1eadt \u0111\u1ed9c \u0111\u00e1o v\u1edbi \u00fd ngh\u0129a phong th\u1ee7y s\u00e2u s\u1eafc m\u00e0 c\u00f2n l\u00e0 \u0111\u1ecba ch\u1ec9 tin c\u1eady cho nh\u1eefng ng\u01b0\u1eddi \u0111am m\u00ea h\u1ecdc ngh\u1ec7 thu\u1eadt.\" \/>\n<meta property=\"og:url\" content=\"https:\/\/tssquatest.vn\/en\/training-program\/\" \/>\n<meta property=\"og:site_name\" content=\"Tss Quatest\" \/>\n<meta property=\"article:modified_time\" content=\"2024-01-10T02:02:16+00:00\" \/>\n<meta property=\"og:image\" content=\"http:\/\/tssquatest.vn\/wp-content\/uploads\/2024\/01\/THUMNAIL.png\" \/>\n\t<meta property=\"og:image:width\" content=\"1200\" \/>\n\t<meta property=\"og:image:height\" content=\"600\" \/>\n\t<meta property=\"og:image:type\" content=\"image\/png\" \/>\n<meta name=\"twitter:card\" content=\"summary_large_image\" \/>\n<meta name=\"twitter:label1\" content=\"Est. reading time\" \/>\n\t<meta name=\"twitter:data1\" content=\"3 minutes\" \/>\n<script type=\"application\/ld+json\" class=\"yoast-schema-graph\">{\"@context\":\"https:\/\/schema.org\",\"@graph\":[{\"@type\":\"WebPage\",\"@id\":\"https:\/\/tssquatest.vn\/chuong-trinh-dao-tao\/\",\"url\":\"https:\/\/tssquatest.vn\/chuong-trinh-dao-tao\/\",\"name\":\"Ch\u01b0\u01a1ng tr\u00ecnh \u0111\u00e0o t\u1ea1o - Tss Quatest\",\"isPartOf\":{\"@id\":\"https:\/\/tssquatest.vn\/#website\"},\"primaryImageOfPage\":{\"@id\":\"https:\/\/tssquatest.vn\/chuong-trinh-dao-tao\/#primaryimage\"},\"image\":{\"@id\":\"https:\/\/tssquatest.vn\/chuong-trinh-dao-tao\/#primaryimage\"},\"thumbnailUrl\":\"https:\/\/tssquatest.vn\/wp-content\/uploads\/2024\/01\/THUMNAIL.png\",\"datePublished\":\"2024-01-08T03:40:17+00:00\",\"dateModified\":\"2024-01-10T02:02:16+00:00\",\"description\":\"TSS Quatest t\u1ef1 h\u00e0o l\u00e0 \u0111\u01a1n v\u1ecb h\u00e0ng \u0111\u1ea7u chuy\u00ean s\u00e2u trong l\u0129nh v\u1ef1c tranh phong th\u1ee7y v\u00e0 trang s\u1ee9c t\u1ea1i Vi\u1ec7t Nam. Ch\u00fang t\u00f4i kh\u00f4ng ch\u1ec9 mang \u0111\u1ebfn nh\u1eefng t\u00e1c ph\u1ea9m ngh\u1ec7 thu\u1eadt \u0111\u1ed9c \u0111\u00e1o v\u1edbi \u00fd ngh\u0129a phong th\u1ee7y s\u00e2u s\u1eafc m\u00e0 c\u00f2n l\u00e0 \u0111\u1ecba ch\u1ec9 tin c\u1eady cho nh\u1eefng ng\u01b0\u1eddi \u0111am m\u00ea h\u1ecdc ngh\u1ec7 thu\u1eadt.\",\"breadcrumb\":{\"@id\":\"https:\/\/tssquatest.vn\/chuong-trinh-dao-tao\/#breadcrumb\"},\"inLanguage\":\"en-US\",\"potentialAction\":[{\"@type\":\"ReadAction\",\"target\":[\"https:\/\/tssquatest.vn\/chuong-trinh-dao-tao\/\"]}]},{\"@type\":\"ImageObject\",\"inLanguage\":\"en-US\",\"@id\":\"https:\/\/tssquatest.vn\/chuong-trinh-dao-tao\/#primaryimage\",\"url\":\"https:\/\/tssquatest.vn\/wp-content\/uploads\/2024\/01\/THUMNAIL.png\",\"contentUrl\":\"https:\/\/tssquatest.vn\/wp-content\/uploads\/2024\/01\/THUMNAIL.png\",\"width\":1200,\"height\":600},{\"@type\":\"BreadcrumbList\",\"@id\":\"https:\/\/tssquatest.vn\/chuong-trinh-dao-tao\/#breadcrumb\",\"itemListElement\":[{\"@type\":\"ListItem\",\"position\":1,\"name\":\"Trang ch\u1ee7\",\"item\":\"https:\/\/tssquatest.vn\/\"},{\"@type\":\"ListItem\",\"position\":2,\"name\":\"Ch\u01b0\u01a1ng tr\u00ecnh \u0111\u00e0o t\u1ea1o\"}]},{\"@type\":\"WebSite\",\"@id\":\"https:\/\/tssquatest.vn\/#website\",\"url\":\"https:\/\/tssquatest.vn\/\",\"name\":\"Tss Quatest\",\"description\":\"\",\"potentialAction\":[{\"@type\":\"SearchAction\",\"target\":{\"@type\":\"EntryPoint\",\"urlTemplate\":\"https:\/\/tssquatest.vn\/?s={search_term_string}\"},\"query-input\":{\"@type\":\"PropertyValueSpecification\",\"valueRequired\":true,\"valueName\":\"search_term_string\"}}],\"inLanguage\":\"en-US\"}]}<\/script>\n<!-- \/ Yoast SEO plugin. -->","yoast_head_json":{"title":"Ch\u01b0\u01a1ng tr\u00ecnh \u0111\u00e0o t\u1ea1o - Tss Quatest","description":"TSS Quatest t\u1ef1 h\u00e0o l\u00e0 \u0111\u01a1n v\u1ecb h\u00e0ng \u0111\u1ea7u chuy\u00ean s\u00e2u trong l\u0129nh v\u1ef1c tranh phong th\u1ee7y v\u00e0 trang s\u1ee9c t\u1ea1i Vi\u1ec7t Nam. Ch\u00fang t\u00f4i kh\u00f4ng ch\u1ec9 mang \u0111\u1ebfn nh\u1eefng t\u00e1c ph\u1ea9m ngh\u1ec7 thu\u1eadt \u0111\u1ed9c \u0111\u00e1o v\u1edbi \u00fd ngh\u0129a phong th\u1ee7y s\u00e2u s\u1eafc m\u00e0 c\u00f2n l\u00e0 \u0111\u1ecba ch\u1ec9 tin c\u1eady cho nh\u1eefng ng\u01b0\u1eddi \u0111am m\u00ea h\u1ecdc ngh\u1ec7 thu\u1eadt.","robots":{"index":"index","follow":"follow","max-snippet":"max-snippet:-1","max-image-preview":"max-image-preview:large","max-video-preview":"max-video-preview:-1"},"canonical":"https:\/\/tssquatest.vn\/en\/training-program\/","og_locale":"en_US","og_type":"article","og_title":"Ch\u01b0\u01a1ng tr\u00ecnh \u0111\u00e0o t\u1ea1o - Tss Quatest","og_description":"TSS Quatest t\u1ef1 h\u00e0o l\u00e0 \u0111\u01a1n v\u1ecb h\u00e0ng \u0111\u1ea7u chuy\u00ean s\u00e2u trong l\u0129nh v\u1ef1c tranh phong th\u1ee7y v\u00e0 trang s\u1ee9c t\u1ea1i Vi\u1ec7t Nam. Ch\u00fang t\u00f4i kh\u00f4ng ch\u1ec9 mang \u0111\u1ebfn nh\u1eefng t\u00e1c ph\u1ea9m ngh\u1ec7 thu\u1eadt \u0111\u1ed9c \u0111\u00e1o v\u1edbi \u00fd ngh\u0129a phong th\u1ee7y s\u00e2u s\u1eafc m\u00e0 c\u00f2n l\u00e0 \u0111\u1ecba ch\u1ec9 tin c\u1eady cho nh\u1eefng ng\u01b0\u1eddi \u0111am m\u00ea h\u1ecdc ngh\u1ec7 thu\u1eadt.","og_url":"https:\/\/tssquatest.vn\/en\/training-program\/","og_site_name":"Tss Quatest","article_modified_time":"2024-01-10T02:02:16+00:00","og_image":[{"width":1200,"height":600,"url":"http:\/\/tssquatest.vn\/wp-content\/uploads\/2024\/01\/THUMNAIL.png","type":"image\/png"}],"twitter_card":"summary_large_image","twitter_misc":{"Est. reading time":"3 minutes"},"schema":{"@context":"https:\/\/schema.org","@graph":[{"@type":"WebPage","@id":"https:\/\/tssquatest.vn\/chuong-trinh-dao-tao\/","url":"https:\/\/tssquatest.vn\/chuong-trinh-dao-tao\/","name":"Ch\u01b0\u01a1ng tr\u00ecnh \u0111\u00e0o t\u1ea1o - Tss Quatest","isPartOf":{"@id":"https:\/\/tssquatest.vn\/#website"},"primaryImageOfPage":{"@id":"https:\/\/tssquatest.vn\/chuong-trinh-dao-tao\/#primaryimage"},"image":{"@id":"https:\/\/tssquatest.vn\/chuong-trinh-dao-tao\/#primaryimage"},"thumbnailUrl":"https:\/\/tssquatest.vn\/wp-content\/uploads\/2024\/01\/THUMNAIL.png","datePublished":"2024-01-08T03:40:17+00:00","dateModified":"2024-01-10T02:02:16+00:00","description":"TSS Quatest t\u1ef1 h\u00e0o l\u00e0 \u0111\u01a1n v\u1ecb h\u00e0ng \u0111\u1ea7u chuy\u00ean s\u00e2u trong l\u0129nh v\u1ef1c tranh phong th\u1ee7y v\u00e0 trang s\u1ee9c t\u1ea1i Vi\u1ec7t Nam. Ch\u00fang t\u00f4i kh\u00f4ng ch\u1ec9 mang \u0111\u1ebfn nh\u1eefng t\u00e1c ph\u1ea9m ngh\u1ec7 thu\u1eadt \u0111\u1ed9c \u0111\u00e1o v\u1edbi \u00fd ngh\u0129a phong th\u1ee7y s\u00e2u s\u1eafc m\u00e0 c\u00f2n l\u00e0 \u0111\u1ecba ch\u1ec9 tin c\u1eady cho nh\u1eefng ng\u01b0\u1eddi \u0111am m\u00ea h\u1ecdc ngh\u1ec7 thu\u1eadt.","breadcrumb":{"@id":"https:\/\/tssquatest.vn\/chuong-trinh-dao-tao\/#breadcrumb"},"inLanguage":"en-US","potentialAction":[{"@type":"ReadAction","target":["https:\/\/tssquatest.vn\/chuong-trinh-dao-tao\/"]}]},{"@type":"ImageObject","inLanguage":"en-US","@id":"https:\/\/tssquatest.vn\/chuong-trinh-dao-tao\/#primaryimage","url":"https:\/\/tssquatest.vn\/wp-content\/uploads\/2024\/01\/THUMNAIL.png","contentUrl":"https:\/\/tssquatest.vn\/wp-content\/uploads\/2024\/01\/THUMNAIL.png","width":1200,"height":600},{"@type":"BreadcrumbList","@id":"https:\/\/tssquatest.vn\/chuong-trinh-dao-tao\/#breadcrumb","itemListElement":[{"@type":"ListItem","position":1,"name":"Trang ch\u1ee7","item":"https:\/\/tssquatest.vn\/"},{"@type":"ListItem","position":2,"name":"Ch\u01b0\u01a1ng tr\u00ecnh \u0111\u00e0o t\u1ea1o"}]},{"@type":"WebSite","@id":"https:\/\/tssquatest.vn\/#website","url":"https:\/\/tssquatest.vn\/","name":"Tss Quatest","description":"","potentialAction":[{"@type":"SearchAction","target":{"@type":"EntryPoint","urlTemplate":"https:\/\/tssquatest.vn\/?s={search_term_string}"},"query-input":{"@type":"PropertyValueSpecification","valueRequired":true,"valueName":"search_term_string"}}],"inLanguage":"en-US"}]}},"_links":{"self":[{"href":"https:\/\/tssquatest.vn\/en\/wp-json\/wp\/v2\/pages\/4382","targetHints":{"allow":["GET"]}}],"collection":[{"href":"https:\/\/tssquatest.vn\/en\/wp-json\/wp\/v2\/pages"}],"about":[{"href":"https:\/\/tssquatest.vn\/en\/wp-json\/wp\/v2\/types\/page"}],"author":[{"embeddable":true,"href":"https:\/\/tssquatest.vn\/en\/wp-json\/wp\/v2\/users\/1"}],"replies":[{"embeddable":true,"href":"https:\/\/tssquatest.vn\/en\/wp-json\/wp\/v2\/comments?post=4382"}],"version-history":[{"count":0,"href":"https:\/\/tssquatest.vn\/en\/wp-json\/wp\/v2\/pages\/4382\/revisions"}],"wp:featuredmedia":[{"embeddable":true,"href":"https:\/\/tssquatest.vn\/en\/wp-json\/wp\/v2\/media\/4493"}],"wp:attachment":[{"href":"https:\/\/tssquatest.vn\/en\/wp-json\/wp\/v2\/media?parent=4382"}],"curies":[{"name":"wp","href":"https:\/\/api.w.org\/{rel}","templated":true}]}}